{"id":30235,"date":"2018-09-10T15:17:04","date_gmt":"2018-09-10T13:17:04","guid":{"rendered":"https:\/\/www.datalex.ch\/?post_type=product&amp;p=30235"},"modified":"2018-09-10T15:17:04","modified_gmt":"2018-09-10T13:17:04","slug":"formation-logiciels-medicaux","status":"publish","type":"product","link":"https:\/\/www.datalex.ch\/zh-hans\/boutique\/formation\/formation-logiciels-medicaux\/","title":{"rendered":"Formation logiciels m\u00e9dicaux"},"content":{"rendered":"<p>A l&#8217;issue de la formation, vous aurez les outils n\u00e9cessaires pour :<\/p>\n<ul>\n<li>Comprendre les <strong>enjeux r\u00e9glementaires<\/strong> li\u00e9s aux dispositifs m\u00e9dicaux<\/li>\n<li>Appr\u00e9hender et mettre en place les principes de\u00a0<strong>protection des donn\u00e9es<\/strong> de sant\u00e9 selon le droit suisse, le <strong>RGPD<\/strong> et les m\u00e9thodes de\u00a0<strong>privacy-by-design<\/strong><\/li>\n<li>Obtenir des conseils pratiques en lien avec les\u00a0<strong>enjeux juridiques<\/strong>\u00a0des technologies m\u00e9dicales (contrats, propri\u00e9t\u00e9 intellectuelle).<\/li>\n<\/ul>\n<p>Qu&#8217;il soit d\u00e9velopp\u00e9 et utilis\u00e9 uniquement dans l&#8217;\u00e9tablissement (en h\u00f4pital), distribu\u00e9 ou t\u00e9l\u00e9charg\u00e9\/achet\u00e9 via les plate-formes d&#8217;achat mobiles, l&#8217;acc\u00e8s au march\u00e9 peut n\u00e9cessiter des d\u00e9marches n\u00e9cessaires \u00e0 sa conformit\u00e9 en tant que dispositif m\u00e9dical (autorisation Swissmedic, essais cliniques, marquage CE, strat\u00e9gie de classification comme DM).<\/p>\n","protected":false},"excerpt":{"rendered":"<p>Cette formation s&#8217;adresse \u00e0 tout professionnel de la sant\u00e9, chercheurs, cliniques et h\u00f4pitaux ou entreprise qui d\u00e9veloppe ou utilise des applications de sant\u00e9 ou logiciels m\u00e9dicaux, pour de la recherche clinique, une utilisation en milieu m\u00e9dical ou hospitalier ainsi que pour obtenir l&#8217;autorisation de mise sur le march\u00e9 en vue d&#8217;une distribution en Suisse ou \u00e0 l&#8217;\u00e9tranger.<\/p>\n","protected":false},"featured_media":29842,"comment_status":"closed","ping_status":"closed","template":"","meta":[],"product_brand":[],"product_cat":[208,224],"product_tag":[],"class_list":{"0":"post-30235","1":"product","2":"type-product","3":"status-publish","4":"has-post-thumbnail","6":"product_cat-formation","7":"product_cat-sante-connectee","9":"first","10":"instock","11":"virtual","12":"product-type-simple"},"yoast_head":"<!-- This site is optimized with the Yoast SEO plugin v27.3 - https:\/\/yoast.com\/product\/yoast-seo-wordpress\/ -->\n<title>Formation logiciels m\u00e9dicaux - datalex<\/title>\n<meta name=\"robots\" content=\"index, follow, max-snippet:-1, max-image-preview:large, max-video-preview:-1\" \/>\n<link rel=\"canonical\" href=\"https:\/\/www.datalex.ch\/zh-hans\/boutique\/formation\/formation-logiciels-medicaux\/\" \/>\n<meta property=\"og:locale\" content=\"zh_CN\" \/>\n<meta property=\"og:type\" content=\"article\" \/>\n<meta property=\"og:title\" content=\"Formation logiciels m\u00e9dicaux - datalex\" \/>\n<meta property=\"og:description\" content=\"Cette formation s&#039;adresse \u00e0 tout professionnel de la sant\u00e9, chercheurs, cliniques et h\u00f4pitaux ou entreprise qui d\u00e9veloppe ou utilise des applications de sant\u00e9 ou logiciels m\u00e9dicaux, pour de la recherche clinique, une utilisation en milieu m\u00e9dical ou hospitalier ainsi que pour obtenir l&#039;autorisation de mise sur le march\u00e9 en vue d&#039;une distribution en Suisse ou \u00e0 l&#039;\u00e9tranger.\" \/>\n<meta property=\"og:url\" content=\"https:\/\/www.datalex.ch\/zh-hans\/boutique\/formation\/formation-logiciels-medicaux\/\" \/>\n<meta property=\"og:site_name\" content=\"datalex\" \/>\n<meta name=\"twitter:card\" content=\"summary_large_image\" \/>\n<meta name=\"twitter:label1\" content=\"\u9884\u8ba1\u9605\u8bfb\u65f6\u95f4\" \/>\n\t<meta name=\"twitter:data1\" content=\"1 \u5206\" \/>\n<script type=\"application\/ld+json\" class=\"yoast-schema-graph\">{\"@context\":\"https:\\\/\\\/schema.org\",\"@graph\":[{\"@type\":\"WebPage\",\"@id\":\"https:\\\/\\\/www.datalex.ch\\\/zh-hans\\\/boutique\\\/formation\\\/formation-logiciels-medicaux\\\/\",\"url\":\"https:\\\/\\\/www.datalex.ch\\\/zh-hans\\\/boutique\\\/formation\\\/formation-logiciels-medicaux\\\/\",\"name\":\"Formation logiciels m\u00e9dicaux - datalex\",\"isPartOf\":{\"@id\":\"https:\\\/\\\/www.datalex.ch\\\/zh-hans\\\/#website\"},\"primaryImageOfPage\":{\"@id\":\"https:\\\/\\\/www.datalex.ch\\\/zh-hans\\\/boutique\\\/formation\\\/formation-logiciels-medicaux\\\/#primaryimage\"},\"image\":{\"@id\":\"https:\\\/\\\/www.datalex.ch\\\/zh-hans\\\/boutique\\\/formation\\\/formation-logiciels-medicaux\\\/#primaryimage\"},\"thumbnailUrl\":\"\",\"datePublished\":\"2018-09-10T13:17:04+00:00\",\"breadcrumb\":{\"@id\":\"https:\\\/\\\/www.datalex.ch\\\/zh-hans\\\/boutique\\\/formation\\\/formation-logiciels-medicaux\\\/#breadcrumb\"},\"inLanguage\":\"zh-Hans\",\"potentialAction\":[{\"@type\":\"ReadAction\",\"target\":[\"https:\\\/\\\/www.datalex.ch\\\/zh-hans\\\/boutique\\\/formation\\\/formation-logiciels-medicaux\\\/\"]}]},{\"@type\":\"ImageObject\",\"inLanguage\":\"zh-Hans\",\"@id\":\"https:\\\/\\\/www.datalex.ch\\\/zh-hans\\\/boutique\\\/formation\\\/formation-logiciels-medicaux\\\/#primaryimage\",\"url\":\"\",\"contentUrl\":\"\"},{\"@type\":\"BreadcrumbList\",\"@id\":\"https:\\\/\\\/www.datalex.ch\\\/zh-hans\\\/boutique\\\/formation\\\/formation-logiciels-medicaux\\\/#breadcrumb\",\"itemListElement\":[{\"@type\":\"ListItem\",\"position\":1,\"name\":\"Home\",\"item\":\"https:\\\/\\\/www.datalex.ch\\\/zh-hans\\\/\"},{\"@type\":\"ListItem\",\"position\":2,\"name\":\"Boutique\",\"item\":\"https:\\\/\\\/www.datalex.ch\\\/boutique\\\/\"},{\"@type\":\"ListItem\",\"position\":3,\"name\":\"Formation logiciels m\u00e9dicaux\"}]},{\"@type\":\"WebSite\",\"@id\":\"https:\\\/\\\/www.datalex.ch\\\/zh-hans\\\/#website\",\"url\":\"https:\\\/\\\/www.datalex.ch\\\/zh-hans\\\/\",\"name\":\"datalex\",\"description\":\"Avocats sp\u00e9cialis\u00e9s dans les nouvelles technologies - lawyers specializing in new technologies\",\"potentialAction\":[{\"@type\":\"SearchAction\",\"target\":{\"@type\":\"EntryPoint\",\"urlTemplate\":\"https:\\\/\\\/www.datalex.ch\\\/zh-hans\\\/?s={search_term_string}\"},\"query-input\":{\"@type\":\"PropertyValueSpecification\",\"valueRequired\":true,\"valueName\":\"search_term_string\"}}],\"inLanguage\":\"zh-Hans\"}]}<\/script>\n<!-- \/ Yoast SEO plugin. -->","yoast_head_json":{"title":"Formation logiciels m\u00e9dicaux - datalex","robots":{"index":"index","follow":"follow","max-snippet":"max-snippet:-1","max-image-preview":"max-image-preview:large","max-video-preview":"max-video-preview:-1"},"canonical":"https:\/\/www.datalex.ch\/zh-hans\/boutique\/formation\/formation-logiciels-medicaux\/","og_locale":"zh_CN","og_type":"article","og_title":"Formation logiciels m\u00e9dicaux - datalex","og_description":"Cette formation s'adresse \u00e0 tout professionnel de la sant\u00e9, chercheurs, cliniques et h\u00f4pitaux ou entreprise qui d\u00e9veloppe ou utilise des applications de sant\u00e9 ou logiciels m\u00e9dicaux, pour de la recherche clinique, une utilisation en milieu m\u00e9dical ou hospitalier ainsi que pour obtenir l'autorisation de mise sur le march\u00e9 en vue d'une distribution en Suisse ou \u00e0 l'\u00e9tranger.","og_url":"https:\/\/www.datalex.ch\/zh-hans\/boutique\/formation\/formation-logiciels-medicaux\/","og_site_name":"datalex","twitter_card":"summary_large_image","twitter_misc":{"\u9884\u8ba1\u9605\u8bfb\u65f6\u95f4":"1 \u5206"},"schema":{"@context":"https:\/\/schema.org","@graph":[{"@type":"WebPage","@id":"https:\/\/www.datalex.ch\/zh-hans\/boutique\/formation\/formation-logiciels-medicaux\/","url":"https:\/\/www.datalex.ch\/zh-hans\/boutique\/formation\/formation-logiciels-medicaux\/","name":"Formation logiciels m\u00e9dicaux - datalex","isPartOf":{"@id":"https:\/\/www.datalex.ch\/zh-hans\/#website"},"primaryImageOfPage":{"@id":"https:\/\/www.datalex.ch\/zh-hans\/boutique\/formation\/formation-logiciels-medicaux\/#primaryimage"},"image":{"@id":"https:\/\/www.datalex.ch\/zh-hans\/boutique\/formation\/formation-logiciels-medicaux\/#primaryimage"},"thumbnailUrl":"","datePublished":"2018-09-10T13:17:04+00:00","breadcrumb":{"@id":"https:\/\/www.datalex.ch\/zh-hans\/boutique\/formation\/formation-logiciels-medicaux\/#breadcrumb"},"inLanguage":"zh-Hans","potentialAction":[{"@type":"ReadAction","target":["https:\/\/www.datalex.ch\/zh-hans\/boutique\/formation\/formation-logiciels-medicaux\/"]}]},{"@type":"ImageObject","inLanguage":"zh-Hans","@id":"https:\/\/www.datalex.ch\/zh-hans\/boutique\/formation\/formation-logiciels-medicaux\/#primaryimage","url":"","contentUrl":""},{"@type":"BreadcrumbList","@id":"https:\/\/www.datalex.ch\/zh-hans\/boutique\/formation\/formation-logiciels-medicaux\/#breadcrumb","itemListElement":[{"@type":"ListItem","position":1,"name":"Home","item":"https:\/\/www.datalex.ch\/zh-hans\/"},{"@type":"ListItem","position":2,"name":"Boutique","item":"https:\/\/www.datalex.ch\/boutique\/"},{"@type":"ListItem","position":3,"name":"Formation logiciels m\u00e9dicaux"}]},{"@type":"WebSite","@id":"https:\/\/www.datalex.ch\/zh-hans\/#website","url":"https:\/\/www.datalex.ch\/zh-hans\/","name":"datalex","description":"Avocats sp\u00e9cialis\u00e9s dans les nouvelles technologies - lawyers specializing in new technologies","potentialAction":[{"@type":"SearchAction","target":{"@type":"EntryPoint","urlTemplate":"https:\/\/www.datalex.ch\/zh-hans\/?s={search_term_string}"},"query-input":{"@type":"PropertyValueSpecification","valueRequired":true,"valueName":"search_term_string"}}],"inLanguage":"zh-Hans"}]}},"_links":{"self":[{"href":"https:\/\/www.datalex.ch\/zh-hans\/wp-json\/wp\/v2\/product\/30235","targetHints":{"allow":["GET"]}}],"collection":[{"href":"https:\/\/www.datalex.ch\/zh-hans\/wp-json\/wp\/v2\/product"}],"about":[{"href":"https:\/\/www.datalex.ch\/zh-hans\/wp-json\/wp\/v2\/types\/product"}],"replies":[{"embeddable":true,"href":"https:\/\/www.datalex.ch\/zh-hans\/wp-json\/wp\/v2\/comments?post=30235"}],"wp:featuredmedia":[{"embeddable":true,"href":"https:\/\/www.datalex.ch\/zh-hans\/wp-json\/"}],"wp:attachment":[{"href":"https:\/\/www.datalex.ch\/zh-hans\/wp-json\/wp\/v2\/media?parent=30235"}],"wp:term":[{"taxonomy":"product_brand","embeddable":true,"href":"https:\/\/www.datalex.ch\/zh-hans\/wp-json\/wp\/v2\/product_brand?post=30235"},{"taxonomy":"product_cat","embeddable":true,"href":"https:\/\/www.datalex.ch\/zh-hans\/wp-json\/wp\/v2\/product_cat?post=30235"},{"taxonomy":"product_tag","embeddable":true,"href":"https:\/\/www.datalex.ch\/zh-hans\/wp-json\/wp\/v2\/product_tag?post=30235"}],"curies":[{"name":"wp","href":"https:\/\/api.w.org\/{rel}","templated":true}]}}