{"id":29126,"date":"2018-05-13T23:48:15","date_gmt":"2018-05-13T21:48:15","guid":{"rendered":"http:\/\/www.datalex.ch\/?post_type=product&amp;p=29126"},"modified":"2018-05-13T23:48:15","modified_gmt":"2018-05-13T21:48:15","slug":"autorisation-de-vol","status":"publish","type":"product","link":"https:\/\/www.datalex.ch\/zh-hans\/boutique\/technologies-avancees\/drones\/autorisation-de-vol\/","title":{"rendered":"Autorisation de vol"},"content":{"rendered":"","protected":false},"excerpt":{"rendered":"<p>Nous vous accompagnons pour effectuer les d\u00e9marches n\u00e9cessaires pour obtenir une autorisation de vol aupr\u00e8s de l&#8217;OFAC (Office f\u00e9d\u00e9ral de l&#8217;aviation civile).<\/p>\n","protected":false},"featured_media":29810,"comment_status":"closed","ping_status":"closed","template":"","meta":[],"product_brand":[],"product_cat":[233],"product_tag":[],"class_list":{"0":"post-29126","1":"product","2":"type-product","3":"status-publish","4":"has-post-thumbnail","6":"product_cat-drones","8":"first","9":"instock","10":"shipping-taxable","11":"product-type-simple"},"yoast_head":"<!-- This site is optimized with the Yoast SEO plugin v27.4 - https:\/\/yoast.com\/product\/yoast-seo-wordpress\/ -->\n<title>Autorisation de vol - datalex<\/title>\n<meta name=\"robots\" content=\"index, follow, max-snippet:-1, max-image-preview:large, max-video-preview:-1\" \/>\n<link rel=\"canonical\" href=\"https:\/\/www.datalex.ch\/zh-hans\/boutique\/technologies-avancees\/drones\/autorisation-de-vol\/\" \/>\n<meta property=\"og:locale\" content=\"zh_CN\" \/>\n<meta property=\"og:type\" content=\"article\" \/>\n<meta property=\"og:title\" content=\"Autorisation de vol - datalex\" \/>\n<meta property=\"og:description\" content=\"Nous vous accompagnons pour effectuer les d\u00e9marches n\u00e9cessaires pour obtenir une autorisation de vol aupr\u00e8s de l&#039;OFAC (Office f\u00e9d\u00e9ral de l&#039;aviation civile).\" \/>\n<meta property=\"og:url\" content=\"https:\/\/www.datalex.ch\/zh-hans\/boutique\/technologies-avancees\/drones\/autorisation-de-vol\/\" \/>\n<meta property=\"og:site_name\" content=\"datalex\" \/>\n<meta name=\"twitter:card\" content=\"summary_large_image\" \/>\n<script type=\"application\/ld+json\" class=\"yoast-schema-graph\">{\"@context\":\"https:\\\/\\\/schema.org\",\"@graph\":[{\"@type\":\"WebPage\",\"@id\":\"https:\\\/\\\/www.datalex.ch\\\/zh-hans\\\/boutique\\\/technologies-avancees\\\/drones\\\/autorisation-de-vol\\\/\",\"url\":\"https:\\\/\\\/www.datalex.ch\\\/zh-hans\\\/boutique\\\/technologies-avancees\\\/drones\\\/autorisation-de-vol\\\/\",\"name\":\"Autorisation de vol - datalex\",\"isPartOf\":{\"@id\":\"https:\\\/\\\/www.datalex.ch\\\/zh-hans\\\/#website\"},\"primaryImageOfPage\":{\"@id\":\"https:\\\/\\\/www.datalex.ch\\\/zh-hans\\\/boutique\\\/technologies-avancees\\\/drones\\\/autorisation-de-vol\\\/#primaryimage\"},\"image\":{\"@id\":\"https:\\\/\\\/www.datalex.ch\\\/zh-hans\\\/boutique\\\/technologies-avancees\\\/drones\\\/autorisation-de-vol\\\/#primaryimage\"},\"thumbnailUrl\":\"\",\"datePublished\":\"2018-05-13T21:48:15+00:00\",\"breadcrumb\":{\"@id\":\"https:\\\/\\\/www.datalex.ch\\\/zh-hans\\\/boutique\\\/technologies-avancees\\\/drones\\\/autorisation-de-vol\\\/#breadcrumb\"},\"inLanguage\":\"zh-Hans\",\"potentialAction\":[{\"@type\":\"ReadAction\",\"target\":[\"https:\\\/\\\/www.datalex.ch\\\/zh-hans\\\/boutique\\\/technologies-avancees\\\/drones\\\/autorisation-de-vol\\\/\"]}]},{\"@type\":\"ImageObject\",\"inLanguage\":\"zh-Hans\",\"@id\":\"https:\\\/\\\/www.datalex.ch\\\/zh-hans\\\/boutique\\\/technologies-avancees\\\/drones\\\/autorisation-de-vol\\\/#primaryimage\",\"url\":\"\",\"contentUrl\":\"\"},{\"@type\":\"BreadcrumbList\",\"@id\":\"https:\\\/\\\/www.datalex.ch\\\/zh-hans\\\/boutique\\\/technologies-avancees\\\/drones\\\/autorisation-de-vol\\\/#breadcrumb\",\"itemListElement\":[{\"@type\":\"ListItem\",\"position\":1,\"name\":\"Home\",\"item\":\"https:\\\/\\\/www.datalex.ch\\\/zh-hans\\\/\"},{\"@type\":\"ListItem\",\"position\":2,\"name\":\"Boutique\",\"item\":\"https:\\\/\\\/www.datalex.ch\\\/boutique\\\/\"},{\"@type\":\"ListItem\",\"position\":3,\"name\":\"Autorisation de vol\"}]},{\"@type\":\"WebSite\",\"@id\":\"https:\\\/\\\/www.datalex.ch\\\/zh-hans\\\/#website\",\"url\":\"https:\\\/\\\/www.datalex.ch\\\/zh-hans\\\/\",\"name\":\"datalex\",\"description\":\"Avocats sp\u00e9cialis\u00e9s dans les nouvelles technologies - lawyers specializing in new technologies\",\"potentialAction\":[{\"@type\":\"SearchAction\",\"target\":{\"@type\":\"EntryPoint\",\"urlTemplate\":\"https:\\\/\\\/www.datalex.ch\\\/zh-hans\\\/?s={search_term_string}\"},\"query-input\":{\"@type\":\"PropertyValueSpecification\",\"valueRequired\":true,\"valueName\":\"search_term_string\"}}],\"inLanguage\":\"zh-Hans\"}]}<\/script>\n<!-- \/ Yoast SEO plugin. -->","yoast_head_json":{"title":"Autorisation de vol - datalex","robots":{"index":"index","follow":"follow","max-snippet":"max-snippet:-1","max-image-preview":"max-image-preview:large","max-video-preview":"max-video-preview:-1"},"canonical":"https:\/\/www.datalex.ch\/zh-hans\/boutique\/technologies-avancees\/drones\/autorisation-de-vol\/","og_locale":"zh_CN","og_type":"article","og_title":"Autorisation de vol - datalex","og_description":"Nous vous accompagnons pour effectuer les d\u00e9marches n\u00e9cessaires pour obtenir une autorisation de vol aupr\u00e8s de l'OFAC (Office f\u00e9d\u00e9ral de l'aviation civile).","og_url":"https:\/\/www.datalex.ch\/zh-hans\/boutique\/technologies-avancees\/drones\/autorisation-de-vol\/","og_site_name":"datalex","twitter_card":"summary_large_image","schema":{"@context":"https:\/\/schema.org","@graph":[{"@type":"WebPage","@id":"https:\/\/www.datalex.ch\/zh-hans\/boutique\/technologies-avancees\/drones\/autorisation-de-vol\/","url":"https:\/\/www.datalex.ch\/zh-hans\/boutique\/technologies-avancees\/drones\/autorisation-de-vol\/","name":"Autorisation de vol - datalex","isPartOf":{"@id":"https:\/\/www.datalex.ch\/zh-hans\/#website"},"primaryImageOfPage":{"@id":"https:\/\/www.datalex.ch\/zh-hans\/boutique\/technologies-avancees\/drones\/autorisation-de-vol\/#primaryimage"},"image":{"@id":"https:\/\/www.datalex.ch\/zh-hans\/boutique\/technologies-avancees\/drones\/autorisation-de-vol\/#primaryimage"},"thumbnailUrl":"","datePublished":"2018-05-13T21:48:15+00:00","breadcrumb":{"@id":"https:\/\/www.datalex.ch\/zh-hans\/boutique\/technologies-avancees\/drones\/autorisation-de-vol\/#breadcrumb"},"inLanguage":"zh-Hans","potentialAction":[{"@type":"ReadAction","target":["https:\/\/www.datalex.ch\/zh-hans\/boutique\/technologies-avancees\/drones\/autorisation-de-vol\/"]}]},{"@type":"ImageObject","inLanguage":"zh-Hans","@id":"https:\/\/www.datalex.ch\/zh-hans\/boutique\/technologies-avancees\/drones\/autorisation-de-vol\/#primaryimage","url":"","contentUrl":""},{"@type":"BreadcrumbList","@id":"https:\/\/www.datalex.ch\/zh-hans\/boutique\/technologies-avancees\/drones\/autorisation-de-vol\/#breadcrumb","itemListElement":[{"@type":"ListItem","position":1,"name":"Home","item":"https:\/\/www.datalex.ch\/zh-hans\/"},{"@type":"ListItem","position":2,"name":"Boutique","item":"https:\/\/www.datalex.ch\/boutique\/"},{"@type":"ListItem","position":3,"name":"Autorisation de vol"}]},{"@type":"WebSite","@id":"https:\/\/www.datalex.ch\/zh-hans\/#website","url":"https:\/\/www.datalex.ch\/zh-hans\/","name":"datalex","description":"Avocats sp\u00e9cialis\u00e9s dans les nouvelles technologies - lawyers specializing in new technologies","potentialAction":[{"@type":"SearchAction","target":{"@type":"EntryPoint","urlTemplate":"https:\/\/www.datalex.ch\/zh-hans\/?s={search_term_string}"},"query-input":{"@type":"PropertyValueSpecification","valueRequired":true,"valueName":"search_term_string"}}],"inLanguage":"zh-Hans"}]}},"_links":{"self":[{"href":"https:\/\/www.datalex.ch\/zh-hans\/wp-json\/wp\/v2\/product\/29126","targetHints":{"allow":["GET"]}}],"collection":[{"href":"https:\/\/www.datalex.ch\/zh-hans\/wp-json\/wp\/v2\/product"}],"about":[{"href":"https:\/\/www.datalex.ch\/zh-hans\/wp-json\/wp\/v2\/types\/product"}],"replies":[{"embeddable":true,"href":"https:\/\/www.datalex.ch\/zh-hans\/wp-json\/wp\/v2\/comments?post=29126"}],"wp:featuredmedia":[{"embeddable":true,"href":"https:\/\/www.datalex.ch\/zh-hans\/wp-json\/"}],"wp:attachment":[{"href":"https:\/\/www.datalex.ch\/zh-hans\/wp-json\/wp\/v2\/media?parent=29126"}],"wp:term":[{"taxonomy":"product_brand","embeddable":true,"href":"https:\/\/www.datalex.ch\/zh-hans\/wp-json\/wp\/v2\/product_brand?post=29126"},{"taxonomy":"product_cat","embeddable":true,"href":"https:\/\/www.datalex.ch\/zh-hans\/wp-json\/wp\/v2\/product_cat?post=29126"},{"taxonomy":"product_tag","embeddable":true,"href":"https:\/\/www.datalex.ch\/zh-hans\/wp-json\/wp\/v2\/product_tag?post=29126"}],"curies":[{"name":"wp","href":"https:\/\/api.w.org\/{rel}","templated":true}]}}