{"id":38950,"date":"2023-09-08T17:28:06","date_gmt":"2023-09-08T15:28:06","guid":{"rendered":"https:\/\/www.datalex.ch\/?post_type=product&#038;p=38950"},"modified":"2023-09-21T13:37:42","modified_gmt":"2023-09-21T11:37:42","slug":"conformite-lpd-pack","status":"publish","type":"product","link":"https:\/\/www.datalex.ch\/it\/boutique\/protection-donnees\/lpd\/conformite-lpd-pack\/","title":{"rendered":"Conformit\u00e9 LPD back de base \/ Protection des donn\u00e9es (FR)"},"content":{"rendered":"<p>Vous \u00eates responsable du traitement des donn\u00e9es et ne savez pas par o\u00f9 commencer pour \u00eatre conforme?<\/p>\n<p>Ce pack de documentation vous fournit un plan d&#8217;action pour votre mise en conformit\u00e9, ainsi que des mod\u00e8les \u00e0 remplir vous-m\u00eame et selon votre entreprise pour respecter les exigences en mati\u00e8re de protection des donn\u00e9es personnelles. Ces documents comprennent:<\/p>\n<ul>\n<li>Une check-liste de conformit\u00e9<\/li>\n<li>Un plan d&#8217;action de conformit\u00e9 \u00e0 la protection des donn\u00e9es<\/li>\n<li>Un mod\u00e8le de registre du traitement des donn\u00e9es<\/li>\n<li>Un mod\u00e8le de contrat de sous-traitance pour vos tiers et partenaires commerciaux agissant comme sous-traitants<\/li>\n<li>Un mod\u00e8le de lettre r\u00e9ponse en cas de demande d&#8217;acc\u00e8s ou de suppression de donn\u00e9es personnelles<\/li>\n<\/ul>\n<p>Nous pouvons vous conseiller et vous aider \u00e0 impl\u00e9menter un programme de protection des donn\u00e9es pour votre entreprise ainsi que vos activit\u00e9s num\u00e9rique, notamment pour une plateforme e-commerce, marketplace, media-sociaux, appareils connect\u00e9s, plateformes ou App, pour des donn\u00e9es sensibles ou confidentielles ou en lien avec l&#8217;intelligence artificielle.<\/p>\n","protected":false},"excerpt":{"rendered":"<p>Vous \u00eates responsable du traitement des donn\u00e9es et ne savez pas par o\u00f9 commencer pour \u00eatre conforme? Ce pack de documentation vous fournit un plan d&#8217;action pour votre mise en conformit\u00e9, ainsi que des mod\u00e8les \u00e0 remplir vous-m\u00eame et selon votre entreprise pour respecter les exigences en mati\u00e8re de protection des donn\u00e9es personnelles. Ces documents [&hellip;]<\/p>\n","protected":false},"featured_media":38952,"comment_status":"closed","ping_status":"closed","template":"","meta":[],"product_brand":[],"product_cat":[235,312],"product_tag":[],"class_list":{"0":"post-38950","1":"product","2":"type-product","3":"status-publish","4":"has-post-thumbnail","6":"product_cat-lpd","7":"product_cat-privacy","9":"first","10":"instock","11":"downloadable","12":"shipping-taxable","13":"product-type-simple"},"yoast_head":"<!-- This site is optimized with the Yoast SEO plugin v27.4 - https:\/\/yoast.com\/product\/yoast-seo-wordpress\/ -->\n<title>Conformit\u00e9 LPD | Pack Protection des donn\u00e9es en Suisse<\/title>\n<meta name=\"description\" content=\"Acheter notre pack LPD de mise en conformit\u00e9 \u00e0 la protection des donn\u00e9es avec nos mod\u00e8les pr\u00eats \u00e0 l&#039;emploi pour la nouvelle LPD | datalex digital lawyers\" \/>\n<meta name=\"robots\" content=\"index, follow, max-snippet:-1, max-image-preview:large, max-video-preview:-1\" \/>\n<link rel=\"canonical\" href=\"https:\/\/www.datalex.ch\/it\/boutique\/protection-donnees\/lpd\/conformite-lpd-pack\/\" \/>\n<meta property=\"og:locale\" content=\"it_IT\" \/>\n<meta property=\"og:type\" content=\"article\" \/>\n<meta property=\"og:title\" content=\"Conformit\u00e9 LPD | Pack Protection des donn\u00e9es en Suisse\" \/>\n<meta property=\"og:description\" content=\"Acheter notre pack LPD de mise en conformit\u00e9 \u00e0 la protection des donn\u00e9es avec nos mod\u00e8les pr\u00eats \u00e0 l&#039;emploi pour la nouvelle LPD | datalex digital lawyers\" \/>\n<meta property=\"og:url\" content=\"https:\/\/www.datalex.ch\/it\/boutique\/protection-donnees\/lpd\/conformite-lpd-pack\/\" \/>\n<meta property=\"og:site_name\" content=\"datalex\" \/>\n<meta property=\"article:modified_time\" content=\"2023-09-21T11:37:42+00:00\" \/>\n<meta property=\"og:image\" content=\"https:\/\/www.datalex.ch\/cms\/wp-content\/uploads\/2023\/09\/Drafting-negotiation-1030x687.jpg\" \/>\n\t<meta property=\"og:image:width\" content=\"1030\" \/>\n\t<meta property=\"og:image:height\" content=\"687\" \/>\n\t<meta property=\"og:image:type\" content=\"image\/jpeg\" \/>\n<meta name=\"twitter:card\" content=\"summary_large_image\" \/>\n<meta name=\"twitter:label1\" content=\"Est. reading time\" \/>\n\t<meta name=\"twitter:data1\" content=\"1 minute\" \/>\n<script type=\"application\/ld+json\" class=\"yoast-schema-graph\">{\"@context\":\"https:\\\/\\\/schema.org\",\"@graph\":[{\"@type\":\"WebPage\",\"@id\":\"https:\\\/\\\/www.datalex.ch\\\/it\\\/boutique\\\/protection-donnees\\\/lpd\\\/conformite-lpd-pack\\\/\",\"url\":\"https:\\\/\\\/www.datalex.ch\\\/it\\\/boutique\\\/protection-donnees\\\/lpd\\\/conformite-lpd-pack\\\/\",\"name\":\"Conformit\u00e9 LPD | Pack Protection des donn\u00e9es en Suisse\",\"isPartOf\":{\"@id\":\"https:\\\/\\\/www.datalex.ch\\\/it\\\/#website\"},\"primaryImageOfPage\":{\"@id\":\"https:\\\/\\\/www.datalex.ch\\\/it\\\/boutique\\\/protection-donnees\\\/lpd\\\/conformite-lpd-pack\\\/#primaryimage\"},\"image\":{\"@id\":\"https:\\\/\\\/www.datalex.ch\\\/it\\\/boutique\\\/protection-donnees\\\/lpd\\\/conformite-lpd-pack\\\/#primaryimage\"},\"thumbnailUrl\":\"https:\\\/\\\/www.datalex.ch\\\/cms\\\/wp-content\\\/uploads\\\/2023\\\/09\\\/Drafting-negotiation-scaled.jpg\",\"datePublished\":\"2023-09-08T15:28:06+00:00\",\"dateModified\":\"2023-09-21T11:37:42+00:00\",\"description\":\"Acheter notre pack LPD de mise en conformit\u00e9 \u00e0 la protection des donn\u00e9es avec nos mod\u00e8les pr\u00eats \u00e0 l'emploi pour la nouvelle LPD | datalex digital lawyers\",\"breadcrumb\":{\"@id\":\"https:\\\/\\\/www.datalex.ch\\\/it\\\/boutique\\\/protection-donnees\\\/lpd\\\/conformite-lpd-pack\\\/#breadcrumb\"},\"inLanguage\":\"it-IT\",\"potentialAction\":[{\"@type\":\"ReadAction\",\"target\":[\"https:\\\/\\\/www.datalex.ch\\\/it\\\/boutique\\\/protection-donnees\\\/lpd\\\/conformite-lpd-pack\\\/\"]}]},{\"@type\":\"ImageObject\",\"inLanguage\":\"it-IT\",\"@id\":\"https:\\\/\\\/www.datalex.ch\\\/it\\\/boutique\\\/protection-donnees\\\/lpd\\\/conformite-lpd-pack\\\/#primaryimage\",\"url\":\"https:\\\/\\\/www.datalex.ch\\\/cms\\\/wp-content\\\/uploads\\\/2023\\\/09\\\/Drafting-negotiation-scaled.jpg\",\"contentUrl\":\"https:\\\/\\\/www.datalex.ch\\\/cms\\\/wp-content\\\/uploads\\\/2023\\\/09\\\/Drafting-negotiation-scaled.jpg\",\"width\":2560,\"height\":1707},{\"@type\":\"BreadcrumbList\",\"@id\":\"https:\\\/\\\/www.datalex.ch\\\/it\\\/boutique\\\/protection-donnees\\\/lpd\\\/conformite-lpd-pack\\\/#breadcrumb\",\"itemListElement\":[{\"@type\":\"ListItem\",\"position\":1,\"name\":\"Home\",\"item\":\"https:\\\/\\\/www.datalex.ch\\\/it\\\/\"},{\"@type\":\"ListItem\",\"position\":2,\"name\":\"Boutique\",\"item\":\"https:\\\/\\\/www.datalex.ch\\\/boutique\\\/\"},{\"@type\":\"ListItem\",\"position\":3,\"name\":\"Conformit\u00e9 LPD back de base \\\/ Protection des donn\u00e9es (FR)\"}]},{\"@type\":\"WebSite\",\"@id\":\"https:\\\/\\\/www.datalex.ch\\\/it\\\/#website\",\"url\":\"https:\\\/\\\/www.datalex.ch\\\/it\\\/\",\"name\":\"datalex\",\"description\":\"Avocats sp\u00e9cialis\u00e9s dans les nouvelles technologies - lawyers specializing in new technologies\",\"potentialAction\":[{\"@type\":\"SearchAction\",\"target\":{\"@type\":\"EntryPoint\",\"urlTemplate\":\"https:\\\/\\\/www.datalex.ch\\\/it\\\/?s={search_term_string}\"},\"query-input\":{\"@type\":\"PropertyValueSpecification\",\"valueRequired\":true,\"valueName\":\"search_term_string\"}}],\"inLanguage\":\"it-IT\"}]}<\/script>\n<!-- \/ Yoast SEO plugin. -->","yoast_head_json":{"title":"Conformit\u00e9 LPD | Pack Protection des donn\u00e9es en Suisse","description":"Acheter notre pack LPD de mise en conformit\u00e9 \u00e0 la protection des donn\u00e9es avec nos mod\u00e8les pr\u00eats \u00e0 l'emploi pour la nouvelle LPD | datalex digital lawyers","robots":{"index":"index","follow":"follow","max-snippet":"max-snippet:-1","max-image-preview":"max-image-preview:large","max-video-preview":"max-video-preview:-1"},"canonical":"https:\/\/www.datalex.ch\/it\/boutique\/protection-donnees\/lpd\/conformite-lpd-pack\/","og_locale":"it_IT","og_type":"article","og_title":"Conformit\u00e9 LPD | Pack Protection des donn\u00e9es en Suisse","og_description":"Acheter notre pack LPD de mise en conformit\u00e9 \u00e0 la protection des donn\u00e9es avec nos mod\u00e8les pr\u00eats \u00e0 l'emploi pour la nouvelle LPD | datalex digital lawyers","og_url":"https:\/\/www.datalex.ch\/it\/boutique\/protection-donnees\/lpd\/conformite-lpd-pack\/","og_site_name":"datalex","article_modified_time":"2023-09-21T11:37:42+00:00","og_image":[{"width":1030,"height":687,"url":"https:\/\/www.datalex.ch\/cms\/wp-content\/uploads\/2023\/09\/Drafting-negotiation-1030x687.jpg","type":"image\/jpeg"}],"twitter_card":"summary_large_image","twitter_misc":{"Est. reading time":"1 minute"},"schema":{"@context":"https:\/\/schema.org","@graph":[{"@type":"WebPage","@id":"https:\/\/www.datalex.ch\/it\/boutique\/protection-donnees\/lpd\/conformite-lpd-pack\/","url":"https:\/\/www.datalex.ch\/it\/boutique\/protection-donnees\/lpd\/conformite-lpd-pack\/","name":"Conformit\u00e9 LPD | Pack Protection des donn\u00e9es en Suisse","isPartOf":{"@id":"https:\/\/www.datalex.ch\/it\/#website"},"primaryImageOfPage":{"@id":"https:\/\/www.datalex.ch\/it\/boutique\/protection-donnees\/lpd\/conformite-lpd-pack\/#primaryimage"},"image":{"@id":"https:\/\/www.datalex.ch\/it\/boutique\/protection-donnees\/lpd\/conformite-lpd-pack\/#primaryimage"},"thumbnailUrl":"https:\/\/www.datalex.ch\/cms\/wp-content\/uploads\/2023\/09\/Drafting-negotiation-scaled.jpg","datePublished":"2023-09-08T15:28:06+00:00","dateModified":"2023-09-21T11:37:42+00:00","description":"Acheter notre pack LPD de mise en conformit\u00e9 \u00e0 la protection des donn\u00e9es avec nos mod\u00e8les pr\u00eats \u00e0 l'emploi pour la nouvelle LPD | datalex digital lawyers","breadcrumb":{"@id":"https:\/\/www.datalex.ch\/it\/boutique\/protection-donnees\/lpd\/conformite-lpd-pack\/#breadcrumb"},"inLanguage":"it-IT","potentialAction":[{"@type":"ReadAction","target":["https:\/\/www.datalex.ch\/it\/boutique\/protection-donnees\/lpd\/conformite-lpd-pack\/"]}]},{"@type":"ImageObject","inLanguage":"it-IT","@id":"https:\/\/www.datalex.ch\/it\/boutique\/protection-donnees\/lpd\/conformite-lpd-pack\/#primaryimage","url":"https:\/\/www.datalex.ch\/cms\/wp-content\/uploads\/2023\/09\/Drafting-negotiation-scaled.jpg","contentUrl":"https:\/\/www.datalex.ch\/cms\/wp-content\/uploads\/2023\/09\/Drafting-negotiation-scaled.jpg","width":2560,"height":1707},{"@type":"BreadcrumbList","@id":"https:\/\/www.datalex.ch\/it\/boutique\/protection-donnees\/lpd\/conformite-lpd-pack\/#breadcrumb","itemListElement":[{"@type":"ListItem","position":1,"name":"Home","item":"https:\/\/www.datalex.ch\/it\/"},{"@type":"ListItem","position":2,"name":"Boutique","item":"https:\/\/www.datalex.ch\/boutique\/"},{"@type":"ListItem","position":3,"name":"Conformit\u00e9 LPD back de base \/ Protection des donn\u00e9es (FR)"}]},{"@type":"WebSite","@id":"https:\/\/www.datalex.ch\/it\/#website","url":"https:\/\/www.datalex.ch\/it\/","name":"datalex","description":"Avocats sp\u00e9cialis\u00e9s dans les nouvelles technologies - lawyers specializing in new technologies","potentialAction":[{"@type":"SearchAction","target":{"@type":"EntryPoint","urlTemplate":"https:\/\/www.datalex.ch\/it\/?s={search_term_string}"},"query-input":{"@type":"PropertyValueSpecification","valueRequired":true,"valueName":"search_term_string"}}],"inLanguage":"it-IT"}]}},"_links":{"self":[{"href":"https:\/\/www.datalex.ch\/it\/wp-json\/wp\/v2\/product\/38950","targetHints":{"allow":["GET"]}}],"collection":[{"href":"https:\/\/www.datalex.ch\/it\/wp-json\/wp\/v2\/product"}],"about":[{"href":"https:\/\/www.datalex.ch\/it\/wp-json\/wp\/v2\/types\/product"}],"replies":[{"embeddable":true,"href":"https:\/\/www.datalex.ch\/it\/wp-json\/wp\/v2\/comments?post=38950"}],"wp:featuredmedia":[{"embeddable":true,"href":"https:\/\/www.datalex.ch\/it\/wp-json\/wp\/v2\/media\/38952"}],"wp:attachment":[{"href":"https:\/\/www.datalex.ch\/it\/wp-json\/wp\/v2\/media?parent=38950"}],"wp:term":[{"taxonomy":"product_brand","embeddable":true,"href":"https:\/\/www.datalex.ch\/it\/wp-json\/wp\/v2\/product_brand?post=38950"},{"taxonomy":"product_cat","embeddable":true,"href":"https:\/\/www.datalex.ch\/it\/wp-json\/wp\/v2\/product_cat?post=38950"},{"taxonomy":"product_tag","embeddable":true,"href":"https:\/\/www.datalex.ch\/it\/wp-json\/wp\/v2\/product_tag?post=38950"}],"curies":[{"name":"wp","href":"https:\/\/api.w.org\/{rel}","templated":true}]}}