{"id":30256,"date":"2018-09-10T17:11:04","date_gmt":"2018-09-10T15:11:04","guid":{"rendered":"https:\/\/www.datalex.ch\/?post_type=product&amp;p=30256"},"modified":"2018-09-10T17:11:04","modified_gmt":"2018-09-10T15:11:04","slug":"delegue-externe-a-la-protection-des-donnees","status":"publish","type":"product","link":"https:\/\/www.datalex.ch\/en\/boutique\/protection-donnees\/delegue-externe-a-la-protection-des-donnees\/","title":{"rendered":"D\u00e9l\u00e9gu\u00e9 externe \u00e0 la protection des donn\u00e9es"},"content":{"rendered":"","protected":false},"excerpt":{"rendered":"<div class=\"av-special-heading av-special-heading-h2 custom-color-heading blockquote modern-quote  avia-builder-el-13  el_after_av_hr  el_before_av_textblock   av-inherit-size  av-mini-hide\">\n<p class=\"av-special-heading-tag \">Plusieurs raisons privil\u00e9gient la nomination d\u2019un d\u00e9l\u00e9gu\u00e9\u00a0externe\u00a0\u00e0 la protection des donn\u00e9es :<\/p>\n<\/div>\n<section class=\"av_textblock_section \">\n<div class=\"avia_textblock  \">\n<ul>\n<li><strong>Pas de RH.\u00a0<\/strong>Vous n\u2019avez pas \u00e0 passer par un processus RH long, co\u00fbteux qui paralysent temporairement vos besoins et activit\u00e9s et impliquent des co\u00fbts en charges sociales.<\/li>\n<li><strong>Votre culture.\u00a0<\/strong>Cela peut aussi d\u00e9pendre de vos processus, votre culture d\u2019entreprise, pour des raisons d\u2019ind\u00e9pendance ou de confidentialit\u00e9, ou simplement une question d\u2019urgence de pr\u00e9f\u00e9rer un service externe.<\/li>\n<li><strong>Contr\u00f4le du budget.<\/strong>\u00a0Nous offrons des mod\u00e8les \u00e9conomiques transparents, flexibles et ma\u00eetris\u00e9s, tels qu\u2019un montant maximal par mois, ou un forfait mensuel (abonnement). Ces mod\u00e8les d\u00e9pendent de l\u2019ampleur, du type de services et du temps consacr\u00e9.<\/li>\n<li><strong>Flexibilit\u00e9<\/strong>. Vous d\u00e9cidez de nous assignez certaines t\u00e2ches que nous formalisons dans un contrat de mandat. Vous nous mandatez imm\u00e9diatement, requerrez des conseils juridiques \u00e0 la demande donn\u00e9s par nos avocats partenairs, sans pr\u00e9judice pour le nombre de ressources internes et le budget qui lui est assigner pour cr\u00e9er une nouvelle position.<\/li>\n<li><strong>Concentrez-vous sur vos activit\u00e9s<\/strong>. La formule de \u00ab\u00a0DPO-as-a-Service\u00a0\u00bb, ou d\u00e9l\u00e9gu\u00e9 externe \u00e0 la protection des donn\u00e9es \u00e0 la demande, convient aux start-ups, PME et petites multinationales, gr\u00e2ce notre expertise et notre r\u00e9seau mondial en mati\u00e8re de protection des donn\u00e9es.<\/li>\n<\/ul>\n<\/div>\n<\/section>\n","protected":false},"featured_media":29792,"comment_status":"closed","ping_status":"closed","template":"","meta":[],"product_brand":[],"product_cat":[220],"product_tag":[],"class_list":{"0":"post-30256","1":"product","2":"type-product","3":"status-publish","4":"has-post-thumbnail","6":"product_cat-protection-donnees","8":"first","9":"instock","10":"shipping-taxable","11":"product-type-simple"},"yoast_head":"<!-- This site is optimized with the Yoast SEO plugin v27.4 - https:\/\/yoast.com\/product\/yoast-seo-wordpress\/ -->\n<title>datalex | Services de d\u00e9l\u00e9gu\u00e9 externe \u00e0 la protection des donn\u00e9es (RGPD)<\/title>\n<meta name=\"robots\" content=\"index, follow, max-snippet:-1, max-image-preview:large, max-video-preview:-1\" \/>\n<link rel=\"canonical\" href=\"https:\/\/www.datalex.ch\/en\/boutique\/protection-donnees\/delegue-externe-a-la-protection-des-donnees\/\" \/>\n<meta property=\"og:locale\" content=\"en_US\" \/>\n<meta property=\"og:type\" content=\"article\" \/>\n<meta property=\"og:title\" content=\"datalex | Services de d\u00e9l\u00e9gu\u00e9 externe \u00e0 la protection des donn\u00e9es (RGPD)\" \/>\n<meta property=\"og:description\" content=\"Plusieurs raisons privil\u00e9gient la nomination d\u2019un d\u00e9l\u00e9gu\u00e9\u00a0externe\u00a0\u00e0 la protection des donn\u00e9es :    Pas de RH.\u00a0Vous n\u2019avez pas \u00e0 passer par un processus RH long, co\u00fbteux qui paralysent temporairement vos besoins et activit\u00e9s et impliquent des co\u00fbts en charges sociales.  Votre culture.\u00a0Cela peut aussi d\u00e9pendre de vos processus, votre culture d\u2019entreprise, pour des raisons d\u2019ind\u00e9pendance ou de confidentialit\u00e9, ou simplement une question d\u2019urgence de pr\u00e9f\u00e9rer un service externe.  Contr\u00f4le du budget.\u00a0Nous offrons des mod\u00e8les \u00e9conomiques transparents, flexibles et ma\u00eetris\u00e9s, tels qu\u2019un montant maximal par mois, ou un forfait mensuel (abonnement). Ces mod\u00e8les d\u00e9pendent de l\u2019ampleur, du type de services et du temps consacr\u00e9.  Flexibilit\u00e9. Vous d\u00e9cidez de nous assignez certaines t\u00e2ches que nous formalisons dans un contrat de mandat. Vous nous mandatez imm\u00e9diatement, requerrez des conseils juridiques \u00e0 la demande donn\u00e9s par nos avocats partenairs, sans pr\u00e9judice pour le nombre de ressources internes et le budget qui lui est assigner pour cr\u00e9er une nouvelle position.  Concentrez-vous sur vos activit\u00e9s. La formule de \u00ab\u00a0DPO-as-a-Service\u00a0\u00bb, ou d\u00e9l\u00e9gu\u00e9 externe \u00e0 la protection des donn\u00e9es \u00e0 la demande, convient aux start-ups, PME et petites multinationales, gr\u00e2ce notre expertise et notre r\u00e9seau mondial en mati\u00e8re de protection des donn\u00e9es.\" \/>\n<meta property=\"og:url\" content=\"https:\/\/www.datalex.ch\/en\/boutique\/protection-donnees\/delegue-externe-a-la-protection-des-donnees\/\" \/>\n<meta property=\"og:site_name\" content=\"datalex\" \/>\n<meta name=\"twitter:card\" content=\"summary_large_image\" \/>\n<script type=\"application\/ld+json\" class=\"yoast-schema-graph\">{\"@context\":\"https:\\\/\\\/schema.org\",\"@graph\":[{\"@type\":\"WebPage\",\"@id\":\"https:\\\/\\\/www.datalex.ch\\\/en\\\/boutique\\\/protection-donnees\\\/delegue-externe-a-la-protection-des-donnees\\\/\",\"url\":\"https:\\\/\\\/www.datalex.ch\\\/en\\\/boutique\\\/protection-donnees\\\/delegue-externe-a-la-protection-des-donnees\\\/\",\"name\":\"datalex | Services de d\u00e9l\u00e9gu\u00e9 externe \u00e0 la protection des donn\u00e9es (RGPD)\",\"isPartOf\":{\"@id\":\"https:\\\/\\\/www.datalex.ch\\\/en\\\/#website\"},\"primaryImageOfPage\":{\"@id\":\"https:\\\/\\\/www.datalex.ch\\\/en\\\/boutique\\\/protection-donnees\\\/delegue-externe-a-la-protection-des-donnees\\\/#primaryimage\"},\"image\":{\"@id\":\"https:\\\/\\\/www.datalex.ch\\\/en\\\/boutique\\\/protection-donnees\\\/delegue-externe-a-la-protection-des-donnees\\\/#primaryimage\"},\"thumbnailUrl\":\"\",\"datePublished\":\"2018-09-10T15:11:04+00:00\",\"breadcrumb\":{\"@id\":\"https:\\\/\\\/www.datalex.ch\\\/en\\\/boutique\\\/protection-donnees\\\/delegue-externe-a-la-protection-des-donnees\\\/#breadcrumb\"},\"inLanguage\":\"en-US\",\"potentialAction\":[{\"@type\":\"ReadAction\",\"target\":[\"https:\\\/\\\/www.datalex.ch\\\/en\\\/boutique\\\/protection-donnees\\\/delegue-externe-a-la-protection-des-donnees\\\/\"]}]},{\"@type\":\"ImageObject\",\"inLanguage\":\"en-US\",\"@id\":\"https:\\\/\\\/www.datalex.ch\\\/en\\\/boutique\\\/protection-donnees\\\/delegue-externe-a-la-protection-des-donnees\\\/#primaryimage\",\"url\":\"\",\"contentUrl\":\"\"},{\"@type\":\"BreadcrumbList\",\"@id\":\"https:\\\/\\\/www.datalex.ch\\\/en\\\/boutique\\\/protection-donnees\\\/delegue-externe-a-la-protection-des-donnees\\\/#breadcrumb\",\"itemListElement\":[{\"@type\":\"ListItem\",\"position\":1,\"name\":\"Home\",\"item\":\"https:\\\/\\\/www.datalex.ch\\\/en\\\/\"},{\"@type\":\"ListItem\",\"position\":2,\"name\":\"Boutique\",\"item\":\"https:\\\/\\\/www.datalex.ch\\\/boutique\\\/\"},{\"@type\":\"ListItem\",\"position\":3,\"name\":\"D\u00e9l\u00e9gu\u00e9 externe \u00e0 la protection des donn\u00e9es\"}]},{\"@type\":\"WebSite\",\"@id\":\"https:\\\/\\\/www.datalex.ch\\\/en\\\/#website\",\"url\":\"https:\\\/\\\/www.datalex.ch\\\/en\\\/\",\"name\":\"datalex\",\"description\":\"Avocats sp\u00e9cialis\u00e9s dans les nouvelles technologies - lawyers specializing in new technologies\",\"potentialAction\":[{\"@type\":\"SearchAction\",\"target\":{\"@type\":\"EntryPoint\",\"urlTemplate\":\"https:\\\/\\\/www.datalex.ch\\\/en\\\/?s={search_term_string}\"},\"query-input\":{\"@type\":\"PropertyValueSpecification\",\"valueRequired\":true,\"valueName\":\"search_term_string\"}}],\"inLanguage\":\"en-US\"}]}<\/script>\n<!-- \/ Yoast SEO plugin. -->","yoast_head_json":{"title":"datalex | Services de d\u00e9l\u00e9gu\u00e9 externe \u00e0 la protection des donn\u00e9es (RGPD)","robots":{"index":"index","follow":"follow","max-snippet":"max-snippet:-1","max-image-preview":"max-image-preview:large","max-video-preview":"max-video-preview:-1"},"canonical":"https:\/\/www.datalex.ch\/en\/boutique\/protection-donnees\/delegue-externe-a-la-protection-des-donnees\/","og_locale":"en_US","og_type":"article","og_title":"datalex | Services de d\u00e9l\u00e9gu\u00e9 externe \u00e0 la protection des donn\u00e9es (RGPD)","og_description":"Plusieurs raisons privil\u00e9gient la nomination d\u2019un d\u00e9l\u00e9gu\u00e9\u00a0externe\u00a0\u00e0 la protection des donn\u00e9es :    Pas de RH.\u00a0Vous n\u2019avez pas \u00e0 passer par un processus RH long, co\u00fbteux qui paralysent temporairement vos besoins et activit\u00e9s et impliquent des co\u00fbts en charges sociales.  Votre culture.\u00a0Cela peut aussi d\u00e9pendre de vos processus, votre culture d\u2019entreprise, pour des raisons d\u2019ind\u00e9pendance ou de confidentialit\u00e9, ou simplement une question d\u2019urgence de pr\u00e9f\u00e9rer un service externe.  Contr\u00f4le du budget.\u00a0Nous offrons des mod\u00e8les \u00e9conomiques transparents, flexibles et ma\u00eetris\u00e9s, tels qu\u2019un montant maximal par mois, ou un forfait mensuel (abonnement). Ces mod\u00e8les d\u00e9pendent de l\u2019ampleur, du type de services et du temps consacr\u00e9.  Flexibilit\u00e9. Vous d\u00e9cidez de nous assignez certaines t\u00e2ches que nous formalisons dans un contrat de mandat. Vous nous mandatez imm\u00e9diatement, requerrez des conseils juridiques \u00e0 la demande donn\u00e9s par nos avocats partenairs, sans pr\u00e9judice pour le nombre de ressources internes et le budget qui lui est assigner pour cr\u00e9er une nouvelle position.  Concentrez-vous sur vos activit\u00e9s. La formule de \u00ab\u00a0DPO-as-a-Service\u00a0\u00bb, ou d\u00e9l\u00e9gu\u00e9 externe \u00e0 la protection des donn\u00e9es \u00e0 la demande, convient aux start-ups, PME et petites multinationales, gr\u00e2ce notre expertise et notre r\u00e9seau mondial en mati\u00e8re de protection des donn\u00e9es.","og_url":"https:\/\/www.datalex.ch\/en\/boutique\/protection-donnees\/delegue-externe-a-la-protection-des-donnees\/","og_site_name":"datalex","twitter_card":"summary_large_image","schema":{"@context":"https:\/\/schema.org","@graph":[{"@type":"WebPage","@id":"https:\/\/www.datalex.ch\/en\/boutique\/protection-donnees\/delegue-externe-a-la-protection-des-donnees\/","url":"https:\/\/www.datalex.ch\/en\/boutique\/protection-donnees\/delegue-externe-a-la-protection-des-donnees\/","name":"datalex | Services de d\u00e9l\u00e9gu\u00e9 externe \u00e0 la protection des donn\u00e9es (RGPD)","isPartOf":{"@id":"https:\/\/www.datalex.ch\/en\/#website"},"primaryImageOfPage":{"@id":"https:\/\/www.datalex.ch\/en\/boutique\/protection-donnees\/delegue-externe-a-la-protection-des-donnees\/#primaryimage"},"image":{"@id":"https:\/\/www.datalex.ch\/en\/boutique\/protection-donnees\/delegue-externe-a-la-protection-des-donnees\/#primaryimage"},"thumbnailUrl":"","datePublished":"2018-09-10T15:11:04+00:00","breadcrumb":{"@id":"https:\/\/www.datalex.ch\/en\/boutique\/protection-donnees\/delegue-externe-a-la-protection-des-donnees\/#breadcrumb"},"inLanguage":"en-US","potentialAction":[{"@type":"ReadAction","target":["https:\/\/www.datalex.ch\/en\/boutique\/protection-donnees\/delegue-externe-a-la-protection-des-donnees\/"]}]},{"@type":"ImageObject","inLanguage":"en-US","@id":"https:\/\/www.datalex.ch\/en\/boutique\/protection-donnees\/delegue-externe-a-la-protection-des-donnees\/#primaryimage","url":"","contentUrl":""},{"@type":"BreadcrumbList","@id":"https:\/\/www.datalex.ch\/en\/boutique\/protection-donnees\/delegue-externe-a-la-protection-des-donnees\/#breadcrumb","itemListElement":[{"@type":"ListItem","position":1,"name":"Home","item":"https:\/\/www.datalex.ch\/en\/"},{"@type":"ListItem","position":2,"name":"Boutique","item":"https:\/\/www.datalex.ch\/boutique\/"},{"@type":"ListItem","position":3,"name":"D\u00e9l\u00e9gu\u00e9 externe \u00e0 la protection des donn\u00e9es"}]},{"@type":"WebSite","@id":"https:\/\/www.datalex.ch\/en\/#website","url":"https:\/\/www.datalex.ch\/en\/","name":"datalex","description":"Avocats sp\u00e9cialis\u00e9s dans les nouvelles technologies - lawyers specializing in new technologies","potentialAction":[{"@type":"SearchAction","target":{"@type":"EntryPoint","urlTemplate":"https:\/\/www.datalex.ch\/en\/?s={search_term_string}"},"query-input":{"@type":"PropertyValueSpecification","valueRequired":true,"valueName":"search_term_string"}}],"inLanguage":"en-US"}]}},"_links":{"self":[{"href":"https:\/\/www.datalex.ch\/en\/wp-json\/wp\/v2\/product\/30256","targetHints":{"allow":["GET"]}}],"collection":[{"href":"https:\/\/www.datalex.ch\/en\/wp-json\/wp\/v2\/product"}],"about":[{"href":"https:\/\/www.datalex.ch\/en\/wp-json\/wp\/v2\/types\/product"}],"replies":[{"embeddable":true,"href":"https:\/\/www.datalex.ch\/en\/wp-json\/wp\/v2\/comments?post=30256"}],"wp:featuredmedia":[{"embeddable":true,"href":"https:\/\/www.datalex.ch\/en\/wp-json\/"}],"wp:attachment":[{"href":"https:\/\/www.datalex.ch\/en\/wp-json\/wp\/v2\/media?parent=30256"}],"wp:term":[{"taxonomy":"product_brand","embeddable":true,"href":"https:\/\/www.datalex.ch\/en\/wp-json\/wp\/v2\/product_brand?post=30256"},{"taxonomy":"product_cat","embeddable":true,"href":"https:\/\/www.datalex.ch\/en\/wp-json\/wp\/v2\/product_cat?post=30256"},{"taxonomy":"product_tag","embeddable":true,"href":"https:\/\/www.datalex.ch\/en\/wp-json\/wp\/v2\/product_tag?post=30256"}],"curies":[{"name":"wp","href":"https:\/\/api.w.org\/{rel}","templated":true}]}}