{"id":30234,"date":"2018-09-10T15:15:40","date_gmt":"2018-09-10T13:15:40","guid":{"rendered":"https:\/\/www.datalex.ch\/?post_type=product&amp;p=30234"},"modified":"2018-09-10T15:15:40","modified_gmt":"2018-09-10T13:15:40","slug":"formation-cybersecurite","status":"publish","type":"product","link":"https:\/\/www.datalex.ch\/en\/boutique\/protection-donnees\/rgpd\/formation-cybersecurite\/","title":{"rendered":"Formation cybers\u00e9curit\u00e9"},"content":{"rendered":"<div class=\"fusion-li-item-content\">\n<p>Nos formations permettent de ma\u00eetriser de nombreux \u00e9l\u00e9ments que vous pouvez choisir selon les modules souhait\u00e9s:<\/p>\n<p><strong>Pour les collaborateurs :<\/strong><\/p>\n<ul>\n<li>vous sensibiliser \u00e0 la\u00a0s\u00e9curit\u00e9 informatique<\/li>\n<li>conna\u00eetre les\u00a0techniques d&#8217;intrusion<\/li>\n<li>conna\u00eetre les\u00a0probl\u00e8mes de la\u00a0s\u00e9curit\u00e9\u00a0sur Internet et au lieu de travail<\/li>\n<li>obtenir des outils concrets pour identifier les menaces et limiter les risques<\/li>\n<li>conna\u00eetre les reflexes de base \u00e0 avoir en cas d&#8217;incident ou de suspicion de faille<\/li>\n<li>conna\u00eetre les cons\u00e9quences en cas de non respect des exigences de s\u00e9curit\u00e9 et de violation de donn\u00e9es<\/li>\n<\/ul>\n<p><strong>Pour les dirigeants d&#8217;entreprises :<\/strong><\/p>\n<ul>\n<li>d\u00e9finir une strat\u00e9gie interne pour pr\u00e9venir les cas d&#8217;intrusion<\/li>\n<li>d\u00e9finir un plan d&#8217;action pour les entreprises en cas d&#8217;incident<\/li>\n<li>savoir comment mettre en place un syst\u00e8me de notification interne respectueux de la vie priv\u00e9e<\/li>\n<li>ma\u00eetriser les obligations l\u00e9gales des responsables de traitement selon le RGPD<\/li>\n<\/ul>\n<\/div>\n","protected":false},"excerpt":{"rendered":"<p>Nos formations en mati\u00e8re de cybers\u00e9curit\u00e9 s&#8217;adressent aux entreprises ainsi qu&#8217;\u00e0 leurs employ\u00e9s. Elles traitent de la s\u00e9curit\u00e9 informatique en la lien avec la protection des donn\u00e9es.<\/p>\n","protected":false},"featured_media":30253,"comment_status":"closed","ping_status":"closed","template":"","meta":[],"product_brand":[],"product_cat":[196,208,220,222],"product_tag":[],"class_list":{"0":"post-30234","1":"product","2":"type-product","3":"status-publish","4":"has-post-thumbnail","6":"product_cat-cyber-criminalite","7":"product_cat-formation","8":"product_cat-protection-donnees","9":"product_cat-rgpd","11":"first","12":"instock","13":"shipping-taxable","14":"product-type-simple"},"yoast_head":"<!-- This site is optimized with the Yoast SEO plugin v27.4 - https:\/\/yoast.com\/product\/yoast-seo-wordpress\/ -->\n<title>Formation pratique en cybers\u00e9curit\u00e9 par des avocats | datalex<\/title>\n<meta name=\"description\" content=\"Modules de formation sur la cybers\u00e9curit\u00e9 pour comprendre et limiter les risques et d\u00e9finir une strat\u00e9gie ainsi qu&#039;un plan d&#039;action pour votre entreprise.\" \/>\n<meta name=\"robots\" content=\"index, follow, max-snippet:-1, max-image-preview:large, max-video-preview:-1\" \/>\n<link rel=\"canonical\" href=\"https:\/\/www.datalex.ch\/en\/boutique\/protection-donnees\/rgpd\/formation-cybersecurite\/\" \/>\n<meta property=\"og:locale\" content=\"en_US\" \/>\n<meta property=\"og:type\" content=\"article\" \/>\n<meta property=\"og:title\" content=\"Formation pratique en cybers\u00e9curit\u00e9 par des avocats | datalex\" \/>\n<meta property=\"og:description\" content=\"Modules de formation sur la cybers\u00e9curit\u00e9 pour comprendre et limiter les risques et d\u00e9finir une strat\u00e9gie ainsi qu&#039;un plan d&#039;action pour votre entreprise.\" \/>\n<meta property=\"og:url\" content=\"https:\/\/www.datalex.ch\/en\/boutique\/protection-donnees\/rgpd\/formation-cybersecurite\/\" \/>\n<meta property=\"og:site_name\" content=\"datalex\" \/>\n<meta name=\"twitter:card\" content=\"summary_large_image\" \/>\n<meta name=\"twitter:label1\" content=\"Est. reading time\" \/>\n\t<meta name=\"twitter:data1\" content=\"1 minute\" \/>\n<script type=\"application\/ld+json\" class=\"yoast-schema-graph\">{\"@context\":\"https:\\\/\\\/schema.org\",\"@graph\":[{\"@type\":\"WebPage\",\"@id\":\"https:\\\/\\\/www.datalex.ch\\\/en\\\/boutique\\\/protection-donnees\\\/rgpd\\\/formation-cybersecurite\\\/\",\"url\":\"https:\\\/\\\/www.datalex.ch\\\/en\\\/boutique\\\/protection-donnees\\\/rgpd\\\/formation-cybersecurite\\\/\",\"name\":\"Formation pratique en cybers\u00e9curit\u00e9 par des avocats | datalex\",\"isPartOf\":{\"@id\":\"https:\\\/\\\/www.datalex.ch\\\/en\\\/#website\"},\"primaryImageOfPage\":{\"@id\":\"https:\\\/\\\/www.datalex.ch\\\/en\\\/boutique\\\/protection-donnees\\\/rgpd\\\/formation-cybersecurite\\\/#primaryimage\"},\"image\":{\"@id\":\"https:\\\/\\\/www.datalex.ch\\\/en\\\/boutique\\\/protection-donnees\\\/rgpd\\\/formation-cybersecurite\\\/#primaryimage\"},\"thumbnailUrl\":\"\",\"datePublished\":\"2018-09-10T13:15:40+00:00\",\"description\":\"Modules de formation sur la cybers\u00e9curit\u00e9 pour comprendre et limiter les risques et d\u00e9finir une strat\u00e9gie ainsi qu'un plan d'action pour votre entreprise.\",\"breadcrumb\":{\"@id\":\"https:\\\/\\\/www.datalex.ch\\\/en\\\/boutique\\\/protection-donnees\\\/rgpd\\\/formation-cybersecurite\\\/#breadcrumb\"},\"inLanguage\":\"en-US\",\"potentialAction\":[{\"@type\":\"ReadAction\",\"target\":[\"https:\\\/\\\/www.datalex.ch\\\/en\\\/boutique\\\/protection-donnees\\\/rgpd\\\/formation-cybersecurite\\\/\"]}]},{\"@type\":\"ImageObject\",\"inLanguage\":\"en-US\",\"@id\":\"https:\\\/\\\/www.datalex.ch\\\/en\\\/boutique\\\/protection-donnees\\\/rgpd\\\/formation-cybersecurite\\\/#primaryimage\",\"url\":\"\",\"contentUrl\":\"\"},{\"@type\":\"BreadcrumbList\",\"@id\":\"https:\\\/\\\/www.datalex.ch\\\/en\\\/boutique\\\/protection-donnees\\\/rgpd\\\/formation-cybersecurite\\\/#breadcrumb\",\"itemListElement\":[{\"@type\":\"ListItem\",\"position\":1,\"name\":\"Home\",\"item\":\"https:\\\/\\\/www.datalex.ch\\\/en\\\/\"},{\"@type\":\"ListItem\",\"position\":2,\"name\":\"Boutique\",\"item\":\"https:\\\/\\\/www.datalex.ch\\\/boutique\\\/\"},{\"@type\":\"ListItem\",\"position\":3,\"name\":\"Formation cybers\u00e9curit\u00e9\"}]},{\"@type\":\"WebSite\",\"@id\":\"https:\\\/\\\/www.datalex.ch\\\/en\\\/#website\",\"url\":\"https:\\\/\\\/www.datalex.ch\\\/en\\\/\",\"name\":\"datalex\",\"description\":\"Avocats sp\u00e9cialis\u00e9s dans les nouvelles technologies - lawyers specializing in new technologies\",\"potentialAction\":[{\"@type\":\"SearchAction\",\"target\":{\"@type\":\"EntryPoint\",\"urlTemplate\":\"https:\\\/\\\/www.datalex.ch\\\/en\\\/?s={search_term_string}\"},\"query-input\":{\"@type\":\"PropertyValueSpecification\",\"valueRequired\":true,\"valueName\":\"search_term_string\"}}],\"inLanguage\":\"en-US\"}]}<\/script>\n<!-- \/ Yoast SEO plugin. -->","yoast_head_json":{"title":"Formation pratique en cybers\u00e9curit\u00e9 par des avocats | datalex","description":"Modules de formation sur la cybers\u00e9curit\u00e9 pour comprendre et limiter les risques et d\u00e9finir une strat\u00e9gie ainsi qu'un plan d'action pour votre entreprise.","robots":{"index":"index","follow":"follow","max-snippet":"max-snippet:-1","max-image-preview":"max-image-preview:large","max-video-preview":"max-video-preview:-1"},"canonical":"https:\/\/www.datalex.ch\/en\/boutique\/protection-donnees\/rgpd\/formation-cybersecurite\/","og_locale":"en_US","og_type":"article","og_title":"Formation pratique en cybers\u00e9curit\u00e9 par des avocats | datalex","og_description":"Modules de formation sur la cybers\u00e9curit\u00e9 pour comprendre et limiter les risques et d\u00e9finir une strat\u00e9gie ainsi qu'un plan d'action pour votre entreprise.","og_url":"https:\/\/www.datalex.ch\/en\/boutique\/protection-donnees\/rgpd\/formation-cybersecurite\/","og_site_name":"datalex","twitter_card":"summary_large_image","twitter_misc":{"Est. reading time":"1 minute"},"schema":{"@context":"https:\/\/schema.org","@graph":[{"@type":"WebPage","@id":"https:\/\/www.datalex.ch\/en\/boutique\/protection-donnees\/rgpd\/formation-cybersecurite\/","url":"https:\/\/www.datalex.ch\/en\/boutique\/protection-donnees\/rgpd\/formation-cybersecurite\/","name":"Formation pratique en cybers\u00e9curit\u00e9 par des avocats | datalex","isPartOf":{"@id":"https:\/\/www.datalex.ch\/en\/#website"},"primaryImageOfPage":{"@id":"https:\/\/www.datalex.ch\/en\/boutique\/protection-donnees\/rgpd\/formation-cybersecurite\/#primaryimage"},"image":{"@id":"https:\/\/www.datalex.ch\/en\/boutique\/protection-donnees\/rgpd\/formation-cybersecurite\/#primaryimage"},"thumbnailUrl":"","datePublished":"2018-09-10T13:15:40+00:00","description":"Modules de formation sur la cybers\u00e9curit\u00e9 pour comprendre et limiter les risques et d\u00e9finir une strat\u00e9gie ainsi qu'un plan d'action pour votre entreprise.","breadcrumb":{"@id":"https:\/\/www.datalex.ch\/en\/boutique\/protection-donnees\/rgpd\/formation-cybersecurite\/#breadcrumb"},"inLanguage":"en-US","potentialAction":[{"@type":"ReadAction","target":["https:\/\/www.datalex.ch\/en\/boutique\/protection-donnees\/rgpd\/formation-cybersecurite\/"]}]},{"@type":"ImageObject","inLanguage":"en-US","@id":"https:\/\/www.datalex.ch\/en\/boutique\/protection-donnees\/rgpd\/formation-cybersecurite\/#primaryimage","url":"","contentUrl":""},{"@type":"BreadcrumbList","@id":"https:\/\/www.datalex.ch\/en\/boutique\/protection-donnees\/rgpd\/formation-cybersecurite\/#breadcrumb","itemListElement":[{"@type":"ListItem","position":1,"name":"Home","item":"https:\/\/www.datalex.ch\/en\/"},{"@type":"ListItem","position":2,"name":"Boutique","item":"https:\/\/www.datalex.ch\/boutique\/"},{"@type":"ListItem","position":3,"name":"Formation cybers\u00e9curit\u00e9"}]},{"@type":"WebSite","@id":"https:\/\/www.datalex.ch\/en\/#website","url":"https:\/\/www.datalex.ch\/en\/","name":"datalex","description":"Avocats sp\u00e9cialis\u00e9s dans les nouvelles technologies - lawyers specializing in new technologies","potentialAction":[{"@type":"SearchAction","target":{"@type":"EntryPoint","urlTemplate":"https:\/\/www.datalex.ch\/en\/?s={search_term_string}"},"query-input":{"@type":"PropertyValueSpecification","valueRequired":true,"valueName":"search_term_string"}}],"inLanguage":"en-US"}]}},"_links":{"self":[{"href":"https:\/\/www.datalex.ch\/en\/wp-json\/wp\/v2\/product\/30234","targetHints":{"allow":["GET"]}}],"collection":[{"href":"https:\/\/www.datalex.ch\/en\/wp-json\/wp\/v2\/product"}],"about":[{"href":"https:\/\/www.datalex.ch\/en\/wp-json\/wp\/v2\/types\/product"}],"replies":[{"embeddable":true,"href":"https:\/\/www.datalex.ch\/en\/wp-json\/wp\/v2\/comments?post=30234"}],"wp:featuredmedia":[{"embeddable":true,"href":"https:\/\/www.datalex.ch\/en\/wp-json\/"}],"wp:attachment":[{"href":"https:\/\/www.datalex.ch\/en\/wp-json\/wp\/v2\/media?parent=30234"}],"wp:term":[{"taxonomy":"product_brand","embeddable":true,"href":"https:\/\/www.datalex.ch\/en\/wp-json\/wp\/v2\/product_brand?post=30234"},{"taxonomy":"product_cat","embeddable":true,"href":"https:\/\/www.datalex.ch\/en\/wp-json\/wp\/v2\/product_cat?post=30234"},{"taxonomy":"product_tag","embeddable":true,"href":"https:\/\/www.datalex.ch\/en\/wp-json\/wp\/v2\/product_tag?post=30234"}],"curies":[{"name":"wp","href":"https:\/\/api.w.org\/{rel}","templated":true}]}}