{"id":31948,"date":"2018-06-27T12:16:34","date_gmt":"2018-06-27T10:16:34","guid":{"rendered":"https:\/\/www.datalex.ch\/?page_id=31948"},"modified":"2019-10-29T22:51:12","modified_gmt":"2019-10-29T21:51:12","slug":"poser-une-question-2","status":"publish","type":"page","link":"https:\/\/www.datalex.ch\/en\/poser-une-question-2\/","title":{"rendered":"Ask a question"},"content":{"rendered":"<div id='av-layout-grid-1'  class='av-layout-grid-container av-1xv46md-9dd9b1261a419423d7dbf71f7733274e entry-content-wrapper main_color av-flex-cells av-break-at-tablet  avia-builder-el-0  avia-builder-el-no-sibling   container_wrap sidebar_right'  >\n\n<style type=\"text\/css\" data-created_by=\"avia_inline_auto\" id=\"style-css-av-jlmf21a8-72e6aec4f7050858e85a55895477f23f\">\n.flex_cell.av-jlmf21a8-72e6aec4f7050858e85a55895477f23f{\nvertical-align:top;\npadding:30px 30px 30px 30px;\n}\n<\/style>\n<div class='flex_cell av_one_third av-jlmf21a8-72e6aec4f7050858e85a55895477f23f no_margin  avia-builder-el-1  el_before_av_cell_two_third  avia-builder-el-first  avia-full-stretch' ><div class='flex_cell_inner'><p>\n<style type=\"text\/css\" data-created_by=\"avia_inline_auto\" id=\"style-css-av-jlmfgryc-03f36635429fbb581bce9c15a661347e\">\n.flex_column.av-jlmfgryc-03f36635429fbb581bce9c15a661347e{\nborder-radius:0px 0px 0px 0px;\n-webkit-border-radius:0px 0px 0px 0px;\n-moz-border-radius:0px 0px 0px 0px;\npadding:30px 30px 30px 30px;\nbackground-color:rgba(0,0,0,0.09);\n}\n<\/style>\n<div class='flex_column av-jlmfgryc-03f36635429fbb581bce9c15a661347e av_one_full  avia-builder-el-2  el_before_av_hr  avia-builder-el-first  first flex_column_div '   ><style type=\"text\/css\" data-created_by=\"avia_inline_auto\" id=\"style-css-av-jto0xalt-a989d768c6b2e4da97d13628f6d6791a\">\n#top .av-special-heading.av-jto0xalt-a989d768c6b2e4da97d13628f6d6791a{\nmargin:25px 0 0 0;\npadding-bottom:10px;\ncolor:#ffffff;\nfont-size:35px;\n}\nbody .av-special-heading.av-jto0xalt-a989d768c6b2e4da97d13628f6d6791a .av-special-heading-tag .heading-char{\nfont-size:25px;\n}\n#top #wrap_all .av-special-heading.av-jto0xalt-a989d768c6b2e4da97d13628f6d6791a .av-special-heading-tag{\nfont-size:35px;\n}\n.av-special-heading.av-jto0xalt-a989d768c6b2e4da97d13628f6d6791a .special-heading-inner-border{\nborder-color:#ffffff;\n}\n.av-special-heading.av-jto0xalt-a989d768c6b2e4da97d13628f6d6791a .av-subheading{\nfont-size:15px;\n}\n\n@media only screen and (min-width: 768px) and (max-width: 989px){ \n#top #wrap_all .av-special-heading.av-jto0xalt-a989d768c6b2e4da97d13628f6d6791a .av-special-heading-tag{\nfont-size:24px;\n}\n}\n\n@media only screen and (min-width: 480px) and (max-width: 767px){ \n#top #wrap_all .av-special-heading.av-jto0xalt-a989d768c6b2e4da97d13628f6d6791a .av-special-heading-tag{\nfont-size:30px;\n}\n}\n<\/style>\n<div  class='av-special-heading av-jto0xalt-a989d768c6b2e4da97d13628f6d6791a av-special-heading-h1 custom-color-heading blockquote modern-quote modern-centered  avia-builder-el-3  avia-builder-el-no-sibling  av-inherit-size'><h1 class='av-special-heading-tag'  itemprop=\"headline\"  >Ask a question<\/h1><div class=\"special-heading-border\"><div class=\"special-heading-inner-border\"><\/div><\/div><\/div><\/div>\n<style type=\"text\/css\" data-created_by=\"avia_inline_auto\" id=\"style-css-av-jto0xq2s-99b8c9389a06d74b978dd72ad0f2858e\">\n#top .hr.hr-invisible.av-jto0xq2s-99b8c9389a06d74b978dd72ad0f2858e{\nheight:20px;\n}\n<\/style>\n<div  class='hr av-jto0xq2s-99b8c9389a06d74b978dd72ad0f2858e hr-invisible  avia-builder-el-4  el_after_av_one_full  avia-builder-el-last '><span class='hr-inner '><span class=\"hr-inner-style\"><\/span><\/span><\/div><\/p>\n<\/div><\/div>\n<style type=\"text\/css\" data-created_by=\"avia_inline_auto\" id=\"style-css-av-zfs9s5-1876319c668c8da4c17622a779a1e345\">\n.flex_cell.av-zfs9s5-1876319c668c8da4c17622a779a1e345{\nvertical-align:top;\npadding:30px 30px 30px 30px;\n}\n<\/style>\n<div class='flex_cell av_two_third av-zfs9s5-1876319c668c8da4c17622a779a1e345 no_margin  avia-builder-el-5  el_after_av_cell_one_third  avia-builder-el-last ' ><div class='flex_cell_inner'>\n<style type=\"text\/css\" data-created_by=\"avia_inline_auto\" id=\"style-css-av-2q7pft1-59a3a82340a2549d118350f7e45e0742\">\n.flex_column.av-2q7pft1-59a3a82340a2549d118350f7e45e0742{\nborder-radius:0px 0px 0px 0px;\n-webkit-border-radius:0px 0px 0px 0px;\n-moz-border-radius:0px 0px 0px 0px;\npadding:10px 10px 10px 10px;\n}\n<\/style>\n<div class='flex_column av-2q7pft1-59a3a82340a2549d118350f7e45e0742 av_one_full  avia-builder-el-6  avia-builder-el-no-sibling  first flex_column_div '   ><form action=\"https:\/\/www.datalex.ch\/en\/poser-une-question-2\/\" method=\"post\"  class=\"avia_ajax_form av-form-labels-visible   avia-builder-el-7  avia-builder-el-no-sibling   \" data-avia-form-id=\"1\" data-avia-redirect='' ><h3 class=''>Vous avez une question ou une suggestion sur datalex ?<\/h3><fieldset><p class='  first_form  form_element form_element_half' id='element_avia_1_1'><label for=\"avia_1_1\">Votre demande concerne <abbr class=\"required\" title=\"required\">*<\/abbr><\/label><select  name=\"avia_1_1\" class=\"select is_empty\" id=\"avia_1_1\"><option  value ='Prestations de conseil'>Prestations de conseil<\/option><option  value ='N\u00e9gociation et r\u00e9daction de contrat'>N\u00e9gociation et r\u00e9daction de contrat<\/option><option  value ='Incident de protection des donn\u00e9es'>Incident de protection des donn\u00e9es<\/option><option  value ='Formation ou conf\u00e9rence'>Formation ou conf\u00e9rence<\/option><option  value ='Litige et r\u00e9solution de conflits'>Litige et r\u00e9solution de conflits<\/option><option  value ='Nos services'>Nos services<\/option><option  value ='Vos donn\u00e9es sur datalex'>Vos donn\u00e9es sur datalex<\/option><option  value ='Autre (veuillez nous l\u2019indiquer ci-dessous)'>Autre (veuillez nous l\u2019indiquer ci-dessous)<\/option><\/select><\/p><p class='  form_element form_element_half' id='element_avia_2_1'><label for=\"avia_2_1\">Sujet <abbr class=\"required\" title=\"required\">*<\/abbr><\/label><select  name=\"avia_2_1\" class=\"select is_empty\" id=\"avia_2_1\"><option  value ='Protection des donn\u00e9es'>Protection des donn\u00e9es<\/option><option  value ='Sant\u00e9 connect\u00e9e et droit m\u00e9dical'>Sant\u00e9 connect\u00e9e et droit m\u00e9dical<\/option><option  value ='Contrats informatiques'>Contrats informatiques<\/option><option  value ='Projets innovants'>Projets innovants<\/option><option  value ='Cybercriminalit\u00e9 et infractions sur Internet'>Cybercriminalit\u00e9 et infractions sur Internet<\/option><option  value ='Autre'>Autre<\/option><\/select><\/p><p class='  first_form  form_element form_element_half' id='element_avia_3_1'><label for=\"avia_3_1\">En cas de litige, qui est la partie adverse ?<\/label> <input name=\"avia_3_1\" class=\"text_input \" type=\"text\" id=\"avia_3_1\" value=\"\" \/><\/p><p class='  form_element form_element_half' id='element_avia_4_1'><label for=\"avia_4_1\">Avez-vous un d\u00e9lai \u00e0 respecter ? (si oui, pr\u00e9cisez-le en jours)<\/label> <input name=\"avia_4_1\" class=\"text_input \" type=\"text\" id=\"avia_4_1\" value=\"\" \/><\/p><p class='  first_form  form_element form_element_half' id='element_avia_5_1'><label for=\"avia_5_1\">Pr\u00e9nom <abbr class=\"required\" title=\"required\">*<\/abbr><\/label> <input name=\"avia_5_1\" class=\"text_input is_empty\" type=\"text\" id=\"avia_5_1\" value=\"\" \/><\/p><p class='  form_element form_element_half' id='element_avia_6_1'><label for=\"avia_6_1\">Nom <abbr class=\"required\" title=\"required\">*<\/abbr><\/label> <input name=\"avia_6_1\" class=\"text_input is_empty\" type=\"text\" id=\"avia_6_1\" value=\"\" \/><\/p><p class='  first_form  form_element form_element_half' id='element_avia_7_1'><label for=\"avia_7_1\">Soci\u00e9t\u00e9 <abbr class=\"required\" title=\"required\">*<\/abbr><\/label> <input name=\"avia_7_1\" class=\"text_input is_empty\" type=\"text\" id=\"avia_7_1\" value=\"\" \/><\/p><p class='  form_element form_element_half' id='element_avia_8_1'><label for=\"avia_8_1\">Votre fonction \/ r\u00f4le au sein de votre organisation <abbr class=\"required\" title=\"required\">*<\/abbr><\/label> <input name=\"avia_8_1\" class=\"text_input is_empty\" type=\"text\" id=\"avia_8_1\" value=\"\" \/><\/p><p class='  first_form  form_element form_element_half' id='element_avia_9_1'><label for=\"avia_9_1\">Adresse mail <abbr class=\"required\" title=\"required\">*<\/abbr><\/label> <input name=\"avia_9_1\" class=\"text_input is_email\" type=\"text\" id=\"avia_9_1\" value=\"\" \/><\/p><p class='  form_element form_element_half' id='element_avia_10_1'><label for=\"avia_10_1\">T\u00e9l\u00e9phone <abbr class=\"required\" title=\"required\">*<\/abbr><\/label> <input name=\"avia_10_1\" class=\"text_input is_phone\" type=\"text\" id=\"avia_10_1\" value=\"\" \/><\/p><p class='  first_form  form_element form_fullwidth' id='element_avia_11_1'><label for=\"avia_11_1\" class=\"textare_label hidden textare_label_avia_11_1\">Message <abbr class=\"required\" title=\"required\">*<\/abbr><\/label><textarea  name=\"avia_11_1\" class=\"text_area is_empty\" cols=\"40\" rows=\"7\" id=\"avia_11_1\" ><\/textarea><\/p><div id='avia_12_1' class='av-form-text'><p>\nInformation compl\u00e9mentaires :<\/p>\n<\/div><p class=\"hidden\"><input type=\"text\" name=\"avia_13_1\" class=\"hidden \" id=\"avia_13_1\" value=\"\" \/><\/p><p class=\"form_element \"><input type=\"hidden\" value=\"1\" name=\"avia_generated_form1\" \/><input type=\"submit\" value=\"Valider\" class=\"button\"  data-sending-label=\"Sending\"\/><\/p><\/fieldset><\/form><div id=\"ajaxresponse_1\" class=\"ajaxresponse ajaxresponse_1 hidden\"><\/div><\/div>\n<\/div><\/div><\/div>\n","protected":false},"excerpt":{"rendered":"","protected":false},"author":2,"featured_media":0,"parent":0,"menu_order":0,"comment_status":"closed","ping_status":"closed","template":"","meta":{"footnotes":""},"class_list":["post-31948","page","type-page","status-publish","hentry"],"yoast_head":"<!-- This site is optimized with the Yoast SEO plugin v27.3 - https:\/\/yoast.com\/product\/yoast-seo-wordpress\/ -->\n<title>Ask a question - datalex<\/title>\n<meta name=\"robots\" content=\"index, follow, max-snippet:-1, max-image-preview:large, max-video-preview:-1\" \/>\n<link rel=\"canonical\" href=\"https:\/\/www.datalex.ch\/en\/poser-une-question-2\/\" \/>\n<meta property=\"og:locale\" content=\"en_US\" \/>\n<meta property=\"og:type\" content=\"article\" \/>\n<meta property=\"og:title\" content=\"Ask a question - datalex\" \/>\n<meta property=\"og:url\" content=\"https:\/\/www.datalex.ch\/en\/poser-une-question-2\/\" \/>\n<meta property=\"og:site_name\" content=\"datalex\" \/>\n<meta property=\"article:modified_time\" content=\"2019-10-29T21:51:12+00:00\" \/>\n<meta name=\"twitter:card\" content=\"summary_large_image\" \/>\n<meta name=\"twitter:label1\" content=\"Est. reading time\" \/>\n\t<meta name=\"twitter:data1\" content=\"6 minutes\" \/>\n<script type=\"application\/ld+json\" class=\"yoast-schema-graph\">{\"@context\":\"https:\\\/\\\/schema.org\",\"@graph\":[{\"@type\":\"WebPage\",\"@id\":\"https:\\\/\\\/www.datalex.ch\\\/en\\\/poser-une-question-2\\\/\",\"url\":\"https:\\\/\\\/www.datalex.ch\\\/en\\\/poser-une-question-2\\\/\",\"name\":\"Ask a question - datalex\",\"isPartOf\":{\"@id\":\"https:\\\/\\\/www.datalex.ch\\\/en\\\/#website\"},\"datePublished\":\"2018-06-27T10:16:34+00:00\",\"dateModified\":\"2019-10-29T21:51:12+00:00\",\"breadcrumb\":{\"@id\":\"https:\\\/\\\/www.datalex.ch\\\/en\\\/poser-une-question-2\\\/#breadcrumb\"},\"inLanguage\":\"en-US\",\"potentialAction\":[{\"@type\":\"ReadAction\",\"target\":[\"https:\\\/\\\/www.datalex.ch\\\/en\\\/poser-une-question-2\\\/\"]}]},{\"@type\":\"BreadcrumbList\",\"@id\":\"https:\\\/\\\/www.datalex.ch\\\/en\\\/poser-une-question-2\\\/#breadcrumb\",\"itemListElement\":[{\"@type\":\"ListItem\",\"position\":1,\"name\":\"Home\",\"item\":\"https:\\\/\\\/www.datalex.ch\\\/en\\\/\"},{\"@type\":\"ListItem\",\"position\":2,\"name\":\"Ask a question\"}]},{\"@type\":\"WebSite\",\"@id\":\"https:\\\/\\\/www.datalex.ch\\\/en\\\/#website\",\"url\":\"https:\\\/\\\/www.datalex.ch\\\/en\\\/\",\"name\":\"datalex\",\"description\":\"Avocats sp\u00e9cialis\u00e9s dans les nouvelles technologies - lawyers specializing in new technologies\",\"potentialAction\":[{\"@type\":\"SearchAction\",\"target\":{\"@type\":\"EntryPoint\",\"urlTemplate\":\"https:\\\/\\\/www.datalex.ch\\\/en\\\/?s={search_term_string}\"},\"query-input\":{\"@type\":\"PropertyValueSpecification\",\"valueRequired\":true,\"valueName\":\"search_term_string\"}}],\"inLanguage\":\"en-US\"}]}<\/script>\n<!-- \/ Yoast SEO plugin. -->","yoast_head_json":{"title":"Ask a question - datalex","robots":{"index":"index","follow":"follow","max-snippet":"max-snippet:-1","max-image-preview":"max-image-preview:large","max-video-preview":"max-video-preview:-1"},"canonical":"https:\/\/www.datalex.ch\/en\/poser-une-question-2\/","og_locale":"en_US","og_type":"article","og_title":"Ask a question - datalex","og_url":"https:\/\/www.datalex.ch\/en\/poser-une-question-2\/","og_site_name":"datalex","article_modified_time":"2019-10-29T21:51:12+00:00","twitter_card":"summary_large_image","twitter_misc":{"Est. reading time":"6 minutes"},"schema":{"@context":"https:\/\/schema.org","@graph":[{"@type":"WebPage","@id":"https:\/\/www.datalex.ch\/en\/poser-une-question-2\/","url":"https:\/\/www.datalex.ch\/en\/poser-une-question-2\/","name":"Ask a question - datalex","isPartOf":{"@id":"https:\/\/www.datalex.ch\/en\/#website"},"datePublished":"2018-06-27T10:16:34+00:00","dateModified":"2019-10-29T21:51:12+00:00","breadcrumb":{"@id":"https:\/\/www.datalex.ch\/en\/poser-une-question-2\/#breadcrumb"},"inLanguage":"en-US","potentialAction":[{"@type":"ReadAction","target":["https:\/\/www.datalex.ch\/en\/poser-une-question-2\/"]}]},{"@type":"BreadcrumbList","@id":"https:\/\/www.datalex.ch\/en\/poser-une-question-2\/#breadcrumb","itemListElement":[{"@type":"ListItem","position":1,"name":"Home","item":"https:\/\/www.datalex.ch\/en\/"},{"@type":"ListItem","position":2,"name":"Ask a question"}]},{"@type":"WebSite","@id":"https:\/\/www.datalex.ch\/en\/#website","url":"https:\/\/www.datalex.ch\/en\/","name":"datalex","description":"Avocats sp\u00e9cialis\u00e9s dans les nouvelles technologies - lawyers specializing in new technologies","potentialAction":[{"@type":"SearchAction","target":{"@type":"EntryPoint","urlTemplate":"https:\/\/www.datalex.ch\/en\/?s={search_term_string}"},"query-input":{"@type":"PropertyValueSpecification","valueRequired":true,"valueName":"search_term_string"}}],"inLanguage":"en-US"}]}},"_links":{"self":[{"href":"https:\/\/www.datalex.ch\/en\/wp-json\/wp\/v2\/pages\/31948","targetHints":{"allow":["GET"]}}],"collection":[{"href":"https:\/\/www.datalex.ch\/en\/wp-json\/wp\/v2\/pages"}],"about":[{"href":"https:\/\/www.datalex.ch\/en\/wp-json\/wp\/v2\/types\/page"}],"author":[{"embeddable":true,"href":"https:\/\/www.datalex.ch\/en\/wp-json\/wp\/v2\/users\/2"}],"replies":[{"embeddable":true,"href":"https:\/\/www.datalex.ch\/en\/wp-json\/wp\/v2\/comments?post=31948"}],"version-history":[{"count":1,"href":"https:\/\/www.datalex.ch\/en\/wp-json\/wp\/v2\/pages\/31948\/revisions"}],"predecessor-version":[{"id":37557,"href":"https:\/\/www.datalex.ch\/en\/wp-json\/wp\/v2\/pages\/31948\/revisions\/37557"}],"wp:attachment":[{"href":"https:\/\/www.datalex.ch\/en\/wp-json\/wp\/v2\/media?parent=31948"}],"curies":[{"name":"wp","href":"https:\/\/api.w.org\/{rel}","templated":true}]}}